{"id":18309,"date":"2022-06-02T12:32:00","date_gmt":"2022-06-02T18:02:00","guid":{"rendered":"https:\/\/emondageml.com\/?page_id=18309"},"modified":"2025-10-27T12:43:42","modified_gmt":"2025-10-27T18:13:42","slug":"emondageml-votre-specialiste-de-labattage-et-de-lelagage-darbres-dans-les-laurentides","status":"publish","type":"page","link":"https:\/\/emondageml.com\/fr\/emondageml-votre-specialiste-de-labattage-et-de-lelagage-darbres-dans-les-laurentides\/","title":{"rendered":"\u00c9mondageML, votre sp\u00e9cialiste de l\u2019abattage et de l\u2019\u00e9lagage d\u2019arbres dans les Laurentides"},"content":{"rendered":"<div class=\"wpb-content-wrapper\"><p>[vc_row][vc_column][vc_empty_space height=&#8221;55px&#8221;][\/vc_column][\/vc_row][vc_row][vc_column][vc_column_text css=&#8221;&#8221;]<\/p>\n<p id=\"4c1472b0-ad8c-4d4a-9679-e3e46be89b56\" class=\"quill-block\">\u00c9mondageML est votre sp\u00e9cialiste en <a href=\"https:\/\/emondageml.com\/fr\/abattage-arbres\/\">abattage<\/a> et <a href=\"https:\/\/emondageml.com\/fr\/elagage-arbres\/\">\u00e9lagage d&#8217;arbres<\/a> dans les Laurentides. Nous avons des ann\u00e9es d&#8217;exp\u00e9rience dans l&#8217;industrie et notre \u00e9quipe est passionn\u00e9e par les arbres. Contactez-nous d\u00e8s aujourd&#8217;hui pour en savoir plus sur nos services ! Nous sommes impatients d&#8217;avoir de vos nouvelles !<\/p>\n<h2>Pourquoi faire appel \u00e0 un service professionnel d&#8217;entretien des arbres ?<\/h2>\n<p id=\"4c1472b0-ad8c-4d4a-9679-e3e46be89b56\" class=\"quill-block\">Les arbres sont un atout pr\u00e9cieux pour toute propri\u00e9t\u00e9, et ils doivent \u00eatre correctement entretenus afin de conserver leur valeur. Les arbres qui ne sont pas correctement \u00e9lagu\u00e9s peuvent devenir envahissants et inesth\u00e9tiques, et ils peuvent \u00e9galement pr\u00e9senter un risque pour la s\u00e9curit\u00e9. Un service professionnel d&#8217;entretien des arbres aura les connaissances et l&#8217;\u00e9quipement n\u00e9cessaires pour \u00e9laguer vos arbres de mani\u00e8re s\u00fbre et efficace.<\/p>\n<h2>Quels sont les avantages de l&#8217;\u00e9lagage des arbres ?<\/h2>\n<p id=\"4c1472b0-ad8c-4d4a-9679-e3e46be89b56\" class=\"quill-block\">L&#8217;\u00e9lagage peut am\u00e9liorer l&#8217;apparence de vos arbres, et il peut \u00e9galement contribuer \u00e0 les garder en bonne sant\u00e9. L&#8217;\u00e9lagage permet d&#8217;\u00e9liminer les branches mortes ou malades, ce qui peut emp\u00eacher la propagation des maladies. L&#8217;\u00e9lagage stimule \u00e9galement la nouvelle croissance, ce qui peut rendre vos arbres plus sains et plus vigoureux.<\/p>\n<p id=\"4c1472b0-ad8c-4d4a-9679-e3e46be89b56\" class=\"quill-block\">L&#8217;\u00e9lagage des arbres est un processus d\u00e9licat, et il ne devrait \u00eatre effectu\u00e9 que par un professionnel. \u00c9mondageML poss\u00e8de l&#8217;exp\u00e9rience et l&#8217;expertise pour vous fournir le meilleur service d&#8217;entretien des arbres dans les Laurentides. Communiquez avec nous d\u00e8s aujourd&#8217;hui pour en savoir plus ! Nous avons h\u00e2te de vous entendre !<\/p>\n<h4>Contactez-nous : <a href=\"tel:450-232-9088\">(450) 232-9088<\/a><\/h4>\n<div id=\"nf-form-1-cont\" class=\"nf-form-cont\" role=\"form\" aria-live=\"polite\" aria-labelledby=\"nf-form-title-1\" aria-describedby=\"nf-form-errors-1\">\n<p>&nbsp;<\/p>\n<div class=\"nf-form-wrap ninja-forms-form-wrap\">\n<div class=\"nf-debug-msg\"><\/div>\n<div class=\"nf-before-form\"><\/div>\n<div class=\"nf-form-layout\">\n<form>\n<div>\n<div class=\"nf-before-form-content\"><\/div>\n<div class=\"nf-form-content \">\n<div id=\"nf-field-1-container\" class=\"nf-field-container textbox-container label-above \">\n<div class=\"nf-before-field\"><\/div>\n<div class=\"nf-field\">\n<div id=\"nf-field-1-wrap\" class=\"field-wrap textbox-wrap\" data-field-id=\"1\"><\/div>\n<\/div>\n<\/div>\n<\/div>\n<\/div>\n<\/form>\n<\/div>\n<\/div>\n<\/div>\n<p>[\/vc_column_text][vc_single_image image=&#8221;18331&#8243; img_size=&#8221;large&#8221; alignment=&#8221;center&#8221;][vc_column_text]<\/p>\n<h2>\u00c0 quelle fr\u00e9quence devez-vous \u00e9laguer vos arbres ?<\/h2>\n<p id=\"4c1472b0-ad8c-4d4a-9679-e3e46be89b56\" class=\"quill-block\">La fr\u00e9quence de l&#8217;\u00e9lagage des arbres d\u00e9pend du type d&#8217;arbre et de son emplacement. Certains arbres doivent \u00eatre \u00e9lagu\u00e9s chaque ann\u00e9e, tandis que d&#8217;autres ne n\u00e9cessitent qu&#8217;un \u00e9lagage occasionnel. Un service professionnel de soins aux arbres sera en mesure de vous conseiller sur la fr\u00e9quence \u00e0 laquelle vos arbres doivent \u00eatre \u00e9lagu\u00e9s.<\/p>\n<h2>Pourquoi l&#8217;haubanage de vos arbres est important ?<\/h2>\n<p id=\"4c1472b0-ad8c-4d4a-9679-e3e46be89b56\" class=\"quill-block\">L&#8217;haubanage est une technique utilis\u00e9e pour renforcer les branches faibles. Elle consiste \u00e0 attacher des haubans aux branches pour leur fournir un soutien. L&#8217;haubanage est une partie importante du soin des arbres, et il peut aider \u00e0 emp\u00eacher les branches de se briser lors de conditions m\u00e9t\u00e9orologiques s\u00e9v\u00e8res.<\/p>\n<p id=\"4c1472b0-ad8c-4d4a-9679-e3e46be89b56\" class=\"quill-block\">Les haubans sont g\u00e9n\u00e9ralement fabriqu\u00e9s en mat\u00e9riaux synth\u00e9tiques, et ils peuvent \u00eatre fix\u00e9s aux arbres \u00e0 l&#8217;aide de diverses m\u00e9thodes. Un service professionnel de soins des arbres comme EmondageML pourra vous conseiller sur la meilleure fa\u00e7on d&#8217;haubaner vos arbres.<\/p>\n<p id=\"4c1472b0-ad8c-4d4a-9679-e3e46be89b56\" class=\"quill-block\">Contactez \u00c9mondageML d\u00e8s aujourd&#8217;hui pour en savoir plus sur nos services d&#8217;abattage d&#8217;arbres et d&#8217;\u00e9mondage d&#8217;arbres dans les Laurentides<\/p>\n<h2>Qu&#8217;est-ce que essouchage d&#8217;arbre ?<\/h2>\n<p id=\"4c1472b0-ad8c-4d4a-9679-e3e46be89b56\" class=\"quill-block\">L&#8217;enl\u00e8vement des souches d&#8217;arbres est le processus qui consiste \u00e0 retirer une souche d&#8217;arbre du sol. Cette op\u00e9ration peut \u00eatre effectu\u00e9e \u00e0 l&#8217;aide de diverses m\u00e9thodes, notamment le travail manuel ou avec l&#8217;aide d&#8217;\u00e9quipement m\u00e9canique.<\/p>\n<p id=\"4c1472b0-ad8c-4d4a-9679-e3e46be89b56\" class=\"quill-block\">La m\u00e9thode la plus courante pour <a href=\"https:\/\/emondageml.com\/fr\/essouchage-arbres\/\">enlever une souche d&#8217;arbre<\/a> consiste \u00e0 utiliser une rogneuse de souche. Cette machine est con\u00e7ue pour broyer la souche de l&#8217;arbre, \u00e0 l&#8217;aide de lames rotatives. Le processus de broyage peut prendre un certain temps, en fonction de la taille de la souche.<\/p>\n<p id=\"4c1472b0-ad8c-4d4a-9679-e3e46be89b56\" class=\"quill-block\">L&#8217;enl\u00e8vement des souches d&#8217;arbres aide \u00e0 maintenir l&#8217;aspect soign\u00e9 et ordonn\u00e9 de votre cour ou terrain.<\/p>\n<p>[\/vc_column_text][vc_single_image image=&#8221;11831&#8243; img_size=&#8221;medium&#8221; alignment=&#8221;center&#8221;][\/vc_column][\/vc_row][vc_row][vc_column][vc_column_text css=&#8221;&#8221;]<\/p>\n<h2>Quels sont les avantages de faire tailler votre haie de c\u00e8dre par un sp\u00e9cialiste des Laurentides<\/h2>\n<p id=\"4c1472b0-ad8c-4d4a-9679-e3e46be89b56\" class=\"quill-block\">Situ\u00e9 au c\u0153ur des Laurentides, Emondage Maxime Lemay est le sp\u00e9cialiste reconnu pour la taille de haie de c\u00e8dre \u00e0 Saint-J\u00e9r\u00f4me, Saint-Sauveur, Piedmont, Sainte-Ad\u00e8le, Sainte-Agathe, Mont-Tremblant et dans les environs.<\/p>\n<p class=\"quill-block\">Notre expertise locale, combin\u00e9e \u00e0 une connaissance approfondie des esp\u00e8ces v\u00e9g\u00e9tales de la r\u00e9gion, nous permet de fournir des services de taille de haie de c\u00e8dre sur mesure, adapt\u00e9s au climat et au paysage des Laurentides.<\/p>\n<h2><strong>Connaissance Expertise Locale : taille de haie de c\u00e8dre Laurentides<\/strong><\/h2>\n<p id=\"4c1472b0-ad8c-4d4a-9679-e3e46be89b56\" class=\"quill-block\">Les sp\u00e9cialistes d&#8217;\u00c9mondage Maxime Lemay dans les Laurentides ont une compr\u00e9hension approfondie du climat et des conditions de sol de la r\u00e9gion. Cette expertise locale est cruciale pour la taille appropri\u00e9e des haies de c\u00e8dre, assurant leur croissance saine et leur r\u00e9silience face aux conditions m\u00e9t\u00e9orologiques sp\u00e9cifiques de la r\u00e9gion.<\/p>\n<ol>\n<li><strong>Techniques de Taille Adapt\u00e9es :<\/strong> Un sp\u00e9cialiste sait exactement quand et comment tailler les haies de c\u00e8dre pour favoriser une croissance dense et uniforme. Ils utilisent des techniques qui aident \u00e0 pr\u00e9venir les maladies et les infestations de parasites, essentielles pour le maintien de haies saines et robustes.<\/li>\n<li><strong>Esth\u00e9tique et Valeur de la Propri\u00e9t\u00e9 :<\/strong> Une haie de c\u00e8dre bien entretenue par un professionnel am\u00e9liore consid\u00e9rablement l&#8217;attrait esth\u00e9tique de votre propri\u00e9t\u00e9. Cela peut augmenter la valeur de votre maison en am\u00e9liorant son attrait ext\u00e9rieur.<\/li>\n<li><strong>Pr\u00e9vention des Dommages :<\/strong> Les sp\u00e9cialistes disposent des outils et des comp\u00e9tences n\u00e9cessaires pour tailler les haies de mani\u00e8re s\u00e9curitaire, minimisant le risque de dommages aux plantes et \u00e0 la propri\u00e9t\u00e9 environnante.<\/li>\n<li><strong>Gain de Temps et d&#8217;\u00c9nergie :<\/strong> La taille des haies de c\u00e8dre peut \u00eatre une t\u00e2che ardue et chronophage. L&#8217;embauche d&#8217;un sp\u00e9cialiste vous fait gagner du temps et de l&#8217;\u00e9nergie, tout en assurant un travail de qualit\u00e9 professionnelle.<\/li>\n<li><strong>Conseils Personnalis\u00e9s :<\/strong> Un sp\u00e9cialiste peut fournir des conseils personnalis\u00e9s sur l&#8217;entretien de vos haies de c\u00e8dre, y compris des recommandations sur l&#8217;arrosage, la fertilisation et la protection contre les maladies et les nuisibles.<\/li>\n<li><strong>Durabilit\u00e9 et Sant\u00e9 \u00e0 Long Terme :<\/strong> Une taille professionnelle contribue \u00e0 la sant\u00e9 \u00e0 long terme de vos haies. Un sp\u00e9cialiste veillera \u00e0 ce que les haies ne deviennent pas trop denses ou mal form\u00e9es, ce qui pourrait affecter leur durabilit\u00e9 \u00e0 long terme.<\/li>\n<\/ol>\n<p>En choisissant Emondage Maxime Lemay (\u00c9mondage ML), vous optez pour un partenaire de confiance, connaissant parfaitement les besoins sp\u00e9cifiques de la r\u00e9gion des Laurentides.<\/p>\n<p>Nos services de taille professionnelle ne se limitent pas \u00e0 l&#8217;embellissement; ils visent \u00e9galement \u00e0 pr\u00e9server la sant\u00e9 et la vigueur de vos haies de c\u00e8dre, garantissant ainsi leur beaut\u00e9 durable.<\/p>\n<p>Faites appel \u00e0 nos services sp\u00e9cialis\u00e9s pour un espace vert resplendissant, refl\u00e9tant la splendeur naturelle des Laurentides.<\/p>\n<h4>Contactez-nous : <a href=\"tel:450-232-9088\">(450) 232-9088<\/a><\/h4>\n<p>[\/vc_column_text][\/vc_column][\/vc_row][vc_row][vc_column][vc_column_text css=&#8221;&#8221;]<\/p>\n<h2>Pourquoi il ne faut jamais essayer d&#8217;enlever une souche d&#8217;arbre tout seul<\/h2>\n<p id=\"4c1472b0-ad8c-4d4a-9679-e3e46be89b56\" class=\"quill-block\">L&#8217;enl\u00e8vement des souches d&#8217;arbres est une t\u00e2che dangereuse qui ne doit \u00eatre entreprise que par des professionnels qualifi\u00e9s. Si vous tentez d&#8217;enlever une souche d&#8217;arbre vous-m\u00eame, vous risquez de vous blesser.<\/p>\n<p id=\"4c1472b0-ad8c-4d4a-9679-e3e46be89b56\" class=\"quill-block\">Si vous avez une souche d&#8217;arbre sur votre propri\u00e9t\u00e9 qui doit \u00eatre enlev\u00e9e, contactez \u00c9mondageML. Notre \u00e9quipe de professionnels exp\u00e9riment\u00e9s enl\u00e8vera la souche d&#8217;arbre de votre propri\u00e9t\u00e9 de fa\u00e7on s\u00e9curitaire et efficace.<\/p>\n<h2>Quels sont les avantages d&#8217;avoir des arbres sur votre propri\u00e9t\u00e9 ?<\/h2>\n<p id=\"4c1472b0-ad8c-4d4a-9679-e3e46be89b56\" class=\"quill-block\">Les arbres peuvent apporter de nombreux avantages \u00e0 votre maison ou \u00e0 votre entreprise, notamment;<\/p>\n<ul>\n<li id=\"4c1472b0-ad8c-4d4a-9679-e3e46be89b56\" class=\"quill-block\">Embellir votre paysage<\/li>\n<li class=\"quill-block\">Fournir de l&#8217;ombre et rafra\u00eechir votre propri\u00e9t\u00e9<\/li>\n<li class=\"quill-block\">Am\u00e9liorer la qualit\u00e9 de l&#8217;air<\/li>\n<li class=\"quill-block\">Augmenter la valeur de votre propri\u00e9t\u00e9<\/li>\n<\/ul>\n<h2 id=\"4c1472b0-ad8c-4d4a-9679-e3e46be89b56\" class=\"quill-block\">En conclusion<\/h2>\n<p class=\"quill-block\">Il est clair qu&#8217;il existe de nombreuses raisons pour lesquelles vous devriez faire appel \u00e0 un service professionnel d&#8217;entretien des arbres. <a href=\"https:\/\/emondageml.com\/?lang=fr\">\u00c9mondageML<\/a> propose un service complet et cl\u00e9 en main d&#8217;entretien des arbres qui comprend l&#8217;\u00e9lagage, l&#8217;haubanage et l&#8217;abattage d&#8217;arbres.<\/p>\n<h4>Contactez-nous : <a href=\"tel:450-232-9088\">(450) 232-9088<\/a><\/h4>\n<p>[\/vc_column_text][\/vc_column][\/vc_row][vc_row][vc_column][vc_text_separator title=&#8221;Commentaires de nos clients&#8221;][\/vc_column][\/vc_row][vc_row][vc_column][vc_column_text]<\/p>\n<blockquote><p>Lorsque j&#8217;ai emm\u00e9nag\u00e9 dans ma nouvelle maison, l&#8217;une des premi\u00e8res choses que j&#8217;ai remarqu\u00e9es \u00e9tait le grand arbre sur le terrain pr\u00e8s de la piscine. Il \u00e9tait magnifique et fournissait l&#8217;ombre dont nous avions besoin en \u00e9t\u00e9. Mais avec le temps, je me suis rendu compte que l&#8217;arbre devenait un danger pour la s\u00e9curit\u00e9. Les branches devenaient si grosses et lourdes qu&#8217;elles commen\u00e7aient \u00e0 tomber assez bas pour toucher le toit. Sans compter qu&#8217;il y avait de fortes chances qu&#8217;il tombe pendant une temp\u00eate.<\/p>\n<p>J&#8217;ai donc commenc\u00e9 \u00e0 faire des recherches en ligne et j&#8217;ai trouv\u00e9 \u00c9mondageML. Ils sont venus me faire un devis gratuit et m&#8217;ont dit qu&#8217;ils pouvaient abattre l&#8217;arbre pour moi en quelques jours. J&#8217;\u00e9tais h\u00e9sitant au d\u00e9but, mais ils m&#8217;ont rassur\u00e9 en me disant qu&#8217;ils s&#8217;occuperaient de tout et qu&#8217;il n&#8217;y aurait pas de probl\u00e8me.<\/p>\n<p>Marc B.<\/p><\/blockquote>\n<p>[\/vc_column_text][vc_column_text]<\/p>\n<blockquote><p>J&#8217;ai \u00e9t\u00e9 tr\u00e8s heureuse de trouver \u00c9mondageML, une entreprise des Laurentides. Ils sont sp\u00e9cialis\u00e9s dans l&#8217;haubanage des arbres, ce dont mon arbre avait vraiment besoin. C&#8217;est un grand \u00e9rable et il commencait \u00e0 devenir trop grand. Sans haubanage, il y avait un r\u00e9el danger que l&#8217;une des branches se casse en cas de temp\u00eate et cause de s\u00e9rieux d\u00e9g\u00e2ts.<\/p>\n<p>J&#8217;ai \u00e9t\u00e9 soulag\u00e9 lorsque j&#8217;ai appris l&#8217;existence de ce service, et j&#8217;ai rapidement engag\u00e9 \u00c9mondageML pour venir haubaner mon arbre. Ils ont fait un excellent travail et mon arbre est en pleine forme !<\/p>\n<p>Andr\u00e9e M.<\/p><\/blockquote>\n<p>[\/vc_column_text][\/vc_column][\/vc_row]<\/p>\n<\/div>","protected":false},"excerpt":{"rendered":"<p>[vc_row][vc_column][vc_empty_space height=&#8221;55px&#8221;][\/vc_column][\/vc_row][vc_row][vc_column][vc_column_text css=&#8221;&#8221;] \u00c9mondageML est votre sp\u00e9cialiste en abattage et \u00e9lagage d&#8217;arbres dans les Laurentides. Nous avons des ann\u00e9es d&#8217;exp\u00e9rience dans l&#8217;industrie et notre \u00e9quipe est passionn\u00e9e par les arbres&#8230;.<\/p>\n","protected":false},"author":2,"featured_media":18331,"parent":0,"menu_order":0,"comment_status":"closed","ping_status":"closed","template":"","meta":{"_seopress_robots_primary_cat":"","_seopress_titles_title":"Abattage et \u00e9lagage d\u2019arbres dans les Laurentides","_seopress_titles_desc":"\u00c9mondageML est votre sp\u00e9cialiste en abattage et \u00e9lagage d'arbres dans les Laurentides. Nous avons des ann\u00e9es d'exp\u00e9rience dans l'industrie.","_seopress_robots_index":"","_seopress_analysis_target_kw":"Abattage et \u00e9lagage d\u2019arbres","kk_blocks_editor_width":"","_kiokenblocks_attr":"","_kiokenblocks_dimensions":"","footnotes":""},"class_list":["post-18309","page","type-page","status-publish","has-post-thumbnail","hentry"],"_links":{"self":[{"href":"https:\/\/emondageml.com\/fr\/wp-json\/wp\/v2\/pages\/18309","targetHints":{"allow":["GET"]}}],"collection":[{"href":"https:\/\/emondageml.com\/fr\/wp-json\/wp\/v2\/pages"}],"about":[{"href":"https:\/\/emondageml.com\/fr\/wp-json\/wp\/v2\/types\/page"}],"author":[{"embeddable":true,"href":"https:\/\/emondageml.com\/fr\/wp-json\/wp\/v2\/users\/2"}],"replies":[{"embeddable":true,"href":"https:\/\/emondageml.com\/fr\/wp-json\/wp\/v2\/comments?post=18309"}],"version-history":[{"count":21,"href":"https:\/\/emondageml.com\/fr\/wp-json\/wp\/v2\/pages\/18309\/revisions"}],"predecessor-version":[{"id":19298,"href":"https:\/\/emondageml.com\/fr\/wp-json\/wp\/v2\/pages\/18309\/revisions\/19298"}],"wp:featuredmedia":[{"embeddable":true,"href":"https:\/\/emondageml.com\/fr\/wp-json\/wp\/v2\/media\/18331"}],"wp:attachment":[{"href":"https:\/\/emondageml.com\/fr\/wp-json\/wp\/v2\/media?parent=18309"}],"curies":[{"name":"wp","href":"https:\/\/api.w.org\/{rel}","templated":true}]}}